{"id":5,"date":"2021-06-14T12:08:25","date_gmt":"2021-06-14T10:08:25","guid":{"rendered":"https:\/\/www.italiana.com.pl\/sklep\/?page_id=5"},"modified":"2021-10-22T09:45:59","modified_gmt":"2021-10-22T07:45:59","slug":"strona-glowna","status":"publish","type":"page","link":"https:\/\/www.italiana.com.pl\/sklep\/","title":{"rendered":"Strona g\u0142\u00f3wna"},"content":{"rendered":"\n\n\t<h1>O NAS<\/h1>\n\t<h3>LODY OD POKOLE\u0143<\/h3>\n<h2>ITALIANA<br \/>\nPRODUCENT LOD\u00d3W<\/h2>\n<p>W sklepie firmowym Wytw\u00f3rni Lod\u00f3w ITALIANA mo\u017cna degustowa\u0107 lody tradycyjne i sorbetowe w du\u017cym wyborze smak\u00f3w oraz napi\u0107 si\u0119 pysznej, w\u0142oskiej kawy. W karcie menu znajd\u0105 Pa\u0144stwo r\u00f3wnie\u017c du\u017cy wyb\u00f3r pizzy oraz innych da\u0144.<\/p>\n<p>Ponadto mo\u017cna zakupi\u0107 nasze produkty na wynos.<\/p>\n<p>Wszystkie desery s\u0105 przygotowywane na bazie naszych produkt\u00f3w firmowych.<\/p>\n\t<iframe loading=\"lazy\" title=\"Italiana\" width=\"500\" height=\"281\" src=\"https:\/\/www.youtube.com\/embed\/j__Ru9ZBbZ0?feature=oembed\" frameborder=\"0\" allow=\"accelerometer; autoplay; clipboard-write; encrypted-media; gyroscope; picture-in-picture\" allowfullscreen><\/iframe>\n\t<h1>KAWIARNIA<\/h1>\n<p>&nbsp;<\/p>\n<p>Zapraszamy na wy\u015bmienit\u0105 kaw\u0119 Hausbrandt, Tiramisu i tortoletki. Polecamy te\u017c wyciskany sok ze \u015bwie\u017cych pomara\u0144czy.<\/p>\n<p>&nbsp;<\/p>\n\t\t\t\t<img decoding=\"async\" src=\"https:\/\/www.italiana.com.pl\/sklep\/wp-content\/plugins\/beaver-builder-lite-version\/img\/pixel.png\" alt=\"\" itemprop=\"image\" onerror=\"this.style.display='none'\"  \/>\n\t<h1>PIZZERIA<\/h1>\n<p>U nas w sklepie firmowym jest te\u017c pizzeria, w kt\u00f3rej mo\u017cna zaspokoi\u0107 apetyt na dania w\u0142oskie i pizz\u0119 w du\u017cym wyborze.<\/p>\n<p>Polecamy te\u017c sa\u0142atki w du\u017cym wyborze, pierogi, bagietki na gor\u0105co i inne pyszne dania.<\/p>\n\n\t\t\t\t<img decoding=\"async\" src=\"https:\/\/www.italiana.com.pl\/sklep\/wp-content\/plugins\/beaver-builder-lite-version\/img\/pixel.png\" alt=\"\" itemprop=\"image\" onerror=\"this.style.display='none'\"  \/>\n\t\t\t\t<img decoding=\"async\" src=\"https:\/\/www.italiana.com.pl\/sklep\/wp-content\/plugins\/beaver-builder-lite-version\/img\/pixel.png\" alt=\"\" itemprop=\"image\" onerror=\"this.style.display='none'\"  \/>\n\t<h1>PRODUKTY FIRMOWE<\/h1>\n<p>&nbsp;<\/p>\n<p>W sklepie firmowym Wytw\u00f3rni Lod\u00f3w ITALIANA mo\u017cna <strong>degustowa\u0107 lody tradycyjne i sorbetowe<\/strong> w du\u017cym wyborze smak\u00f3w.<\/p>\n<p>Serwowane tu s\u0105 tak\u017ce znakomite desery na zam\u00f3wienie z lod\u00f3w i \u015bwie\u017cych owoc\u00f3w po\u0142udniowych, oraz apetyczne deserki dla najm\u0142odszych.<\/p>\n<p>Na wynos, w Italianie mo\u017cna zakupi\u0107 takie produkty jak np.: lody cassate, rolady lodowe, desery lodowe w postaci r\u00f3\u017cnych puchar\u00f3w, torty bezowe-hiszpa\u0144skie oraz torty biszkoptowe czekoladowe i orzechowe mro\u017cone.<\/p>\n<p>&nbsp;<\/p>\n\t\t\t\t<img loading=\"lazy\" decoding=\"async\" src=\"https:\/\/www.italiana.com.pl\/sklep\/wp-content\/uploads\/2021\/10\/plansza-informacyjna-PFR-poziom.jpg\" alt=\"plansza informacyjna PFR poziom\" itemprop=\"image\" height=\"261\" width=\"1790\" title=\"plansza informacyjna PFR poziom\" onerror=\"this.style.display='none'\"  \/>\n\t<h1>KONTAKT<\/h1>\n\t\n<a href=\"tel:32 781 17 06\">32 781 17 06<\/a><br \/>\n<a href=\"tel:32 252 62 75\">32 252 62 75<\/a><br \/>\n<a href=\"http:\/\/tel.:32 252 42 84\">32 252 42 84<\/a>\n\t\n\n\t\n<strong>ul. Panewnicka 67<\/strong><br \/>\n<strong>40-760, Katowice<\/strong>\n\n","protected":false},"excerpt":{"rendered":"<p>O NAS LODY OD POKOLE\u0143 ITALIANA PRODUCENT LOD\u00d3W W sklepie firmowym Wytw\u00f3rni Lod\u00f3w ITALIANA mo\u017cna degustowa\u0107 lody tradycyjne i sorbetowe w du\u017cym wyborze smak\u00f3w oraz napi\u0107 si\u0119 pysznej, w\u0142oskiej kawy. W karcie menu znajd\u0105 Pa\u0144stwo r\u00f3wnie\u017c du\u017cy wyb\u00f3r pizzy oraz innych da\u0144. Ponadto mo\u017cna zakupi\u0107 nasze produkty na wynos. Wszystkie desery s\u0105 przygotowywane na bazie [&hellip;]<\/p>\n","protected":false},"author":1,"featured_media":0,"parent":0,"menu_order":0,"comment_status":"closed","ping_status":"closed","template":"","meta":{"inline_featured_image":false,"footnotes":""},"class_list":["post-5","page","type-page","status-publish","hentry"],"yoast_head":"<!-- This site is optimized with the Yoast SEO plugin v24.0 - https:\/\/yoast.com\/wordpress\/plugins\/seo\/ -->\n<title>Strona g\u0142\u00f3wna - ITALIANA wytw\u00f3rnia lod\u00f3w<\/title>\n<meta name=\"robots\" content=\"index, follow, max-snippet:-1, max-image-preview:large, max-video-preview:-1\" \/>\n<link rel=\"canonical\" href=\"https:\/\/www.italiana.com.pl\/sklep\/\" \/>\n<meta property=\"og:locale\" content=\"pl_PL\" \/>\n<meta property=\"og:type\" content=\"article\" \/>\n<meta property=\"og:title\" content=\"Strona g\u0142\u00f3wna - ITALIANA wytw\u00f3rnia lod\u00f3w\" \/>\n<meta property=\"og:description\" content=\"O NAS LODY OD POKOLE\u0143 ITALIANA PRODUCENT LOD\u00d3W W sklepie firmowym Wytw\u00f3rni Lod\u00f3w ITALIANA mo\u017cna degustowa\u0107 lody tradycyjne i sorbetowe w du\u017cym wyborze smak\u00f3w oraz napi\u0107 si\u0119 pysznej, w\u0142oskiej kawy. W karcie menu znajd\u0105 Pa\u0144stwo r\u00f3wnie\u017c du\u017cy wyb\u00f3r pizzy oraz innych da\u0144. Ponadto mo\u017cna zakupi\u0107 nasze produkty na wynos. Wszystkie desery s\u0105 przygotowywane na bazie [&hellip;]\" \/>\n<meta property=\"og:url\" content=\"https:\/\/www.italiana.com.pl\/sklep\/\" \/>\n<meta property=\"og:site_name\" content=\"ITALIANA wytw\u00f3rnia lod\u00f3w\" \/>\n<meta property=\"article:modified_time\" content=\"2021-10-22T07:45:59+00:00\" \/>\n<meta property=\"og:image\" content=\"https:\/\/www.italiana.com.pl\/sklep\/wp-content\/plugins\/beaver-builder-lite-version\/img\/pixel.png\" \/>\n<meta name=\"twitter:card\" content=\"summary_large_image\" \/>\n<script type=\"application\/ld+json\" class=\"yoast-schema-graph\">{\"@context\":\"https:\/\/schema.org\",\"@graph\":[{\"@type\":\"WebPage\",\"@id\":\"https:\/\/www.italiana.com.pl\/sklep\/\",\"url\":\"https:\/\/www.italiana.com.pl\/sklep\/\",\"name\":\"Strona g\u0142\u00f3wna - ITALIANA wytw\u00f3rnia lod\u00f3w\",\"isPartOf\":{\"@id\":\"https:\/\/www.italiana.com.pl\/sklep\/#website\"},\"primaryImageOfPage\":{\"@id\":\"https:\/\/www.italiana.com.pl\/sklep\/#primaryimage\"},\"image\":{\"@id\":\"https:\/\/www.italiana.com.pl\/sklep\/#primaryimage\"},\"thumbnailUrl\":\"https:\/\/www.italiana.com.pl\/sklep\/wp-content\/plugins\/beaver-builder-lite-version\/img\/pixel.png\",\"datePublished\":\"2021-06-14T10:08:25+00:00\",\"dateModified\":\"2021-10-22T07:45:59+00:00\",\"breadcrumb\":{\"@id\":\"https:\/\/www.italiana.com.pl\/sklep\/#breadcrumb\"},\"inLanguage\":\"pl-PL\",\"potentialAction\":[{\"@type\":\"ReadAction\",\"target\":[\"https:\/\/www.italiana.com.pl\/sklep\/\"]}]},{\"@type\":\"ImageObject\",\"inLanguage\":\"pl-PL\",\"@id\":\"https:\/\/www.italiana.com.pl\/sklep\/#primaryimage\",\"url\":\"https:\/\/www.italiana.com.pl\/sklep\/wp-content\/plugins\/beaver-builder-lite-version\/img\/pixel.png\",\"contentUrl\":\"https:\/\/www.italiana.com.pl\/sklep\/wp-content\/plugins\/beaver-builder-lite-version\/img\/pixel.png\"},{\"@type\":\"BreadcrumbList\",\"@id\":\"https:\/\/www.italiana.com.pl\/sklep\/#breadcrumb\",\"itemListElement\":[{\"@type\":\"ListItem\",\"position\":1,\"name\":\"Strona g\u0142\u00f3wna\",\"item\":\"https:\/\/www.italiana.com.pl\/sklep\/\"},{\"@type\":\"ListItem\",\"position\":2,\"name\":\"Strona g\u0142\u00f3wna\"}]},{\"@type\":\"WebSite\",\"@id\":\"https:\/\/www.italiana.com.pl\/sklep\/#website\",\"url\":\"https:\/\/www.italiana.com.pl\/sklep\/\",\"name\":\"ITALIANA wytw\u00f3rnia lod\u00f3w\",\"description\":\"Kolejna witryna oparta na WordPressie\",\"potentialAction\":[{\"@type\":\"SearchAction\",\"target\":{\"@type\":\"EntryPoint\",\"urlTemplate\":\"https:\/\/www.italiana.com.pl\/sklep\/?s={search_term_string}\"},\"query-input\":{\"@type\":\"PropertyValueSpecification\",\"valueRequired\":true,\"valueName\":\"search_term_string\"}}],\"inLanguage\":\"pl-PL\"}]}<\/script>\n<!-- \/ Yoast SEO plugin. -->","yoast_head_json":{"title":"Strona g\u0142\u00f3wna - ITALIANA wytw\u00f3rnia lod\u00f3w","robots":{"index":"index","follow":"follow","max-snippet":"max-snippet:-1","max-image-preview":"max-image-preview:large","max-video-preview":"max-video-preview:-1"},"canonical":"https:\/\/www.italiana.com.pl\/sklep\/","og_locale":"pl_PL","og_type":"article","og_title":"Strona g\u0142\u00f3wna - ITALIANA wytw\u00f3rnia lod\u00f3w","og_description":"O NAS LODY OD POKOLE\u0143 ITALIANA PRODUCENT LOD\u00d3W W sklepie firmowym Wytw\u00f3rni Lod\u00f3w ITALIANA mo\u017cna degustowa\u0107 lody tradycyjne i sorbetowe w du\u017cym wyborze smak\u00f3w oraz napi\u0107 si\u0119 pysznej, w\u0142oskiej kawy. W karcie menu znajd\u0105 Pa\u0144stwo r\u00f3wnie\u017c du\u017cy wyb\u00f3r pizzy oraz innych da\u0144. Ponadto mo\u017cna zakupi\u0107 nasze produkty na wynos. Wszystkie desery s\u0105 przygotowywane na bazie [&hellip;]","og_url":"https:\/\/www.italiana.com.pl\/sklep\/","og_site_name":"ITALIANA wytw\u00f3rnia lod\u00f3w","article_modified_time":"2021-10-22T07:45:59+00:00","og_image":[{"url":"https:\/\/www.italiana.com.pl\/sklep\/wp-content\/plugins\/beaver-builder-lite-version\/img\/pixel.png","type":"","width":"","height":""}],"twitter_card":"summary_large_image","schema":{"@context":"https:\/\/schema.org","@graph":[{"@type":"WebPage","@id":"https:\/\/www.italiana.com.pl\/sklep\/","url":"https:\/\/www.italiana.com.pl\/sklep\/","name":"Strona g\u0142\u00f3wna - ITALIANA wytw\u00f3rnia lod\u00f3w","isPartOf":{"@id":"https:\/\/www.italiana.com.pl\/sklep\/#website"},"primaryImageOfPage":{"@id":"https:\/\/www.italiana.com.pl\/sklep\/#primaryimage"},"image":{"@id":"https:\/\/www.italiana.com.pl\/sklep\/#primaryimage"},"thumbnailUrl":"https:\/\/www.italiana.com.pl\/sklep\/wp-content\/plugins\/beaver-builder-lite-version\/img\/pixel.png","datePublished":"2021-06-14T10:08:25+00:00","dateModified":"2021-10-22T07:45:59+00:00","breadcrumb":{"@id":"https:\/\/www.italiana.com.pl\/sklep\/#breadcrumb"},"inLanguage":"pl-PL","potentialAction":[{"@type":"ReadAction","target":["https:\/\/www.italiana.com.pl\/sklep\/"]}]},{"@type":"ImageObject","inLanguage":"pl-PL","@id":"https:\/\/www.italiana.com.pl\/sklep\/#primaryimage","url":"https:\/\/www.italiana.com.pl\/sklep\/wp-content\/plugins\/beaver-builder-lite-version\/img\/pixel.png","contentUrl":"https:\/\/www.italiana.com.pl\/sklep\/wp-content\/plugins\/beaver-builder-lite-version\/img\/pixel.png"},{"@type":"BreadcrumbList","@id":"https:\/\/www.italiana.com.pl\/sklep\/#breadcrumb","itemListElement":[{"@type":"ListItem","position":1,"name":"Strona g\u0142\u00f3wna","item":"https:\/\/www.italiana.com.pl\/sklep\/"},{"@type":"ListItem","position":2,"name":"Strona g\u0142\u00f3wna"}]},{"@type":"WebSite","@id":"https:\/\/www.italiana.com.pl\/sklep\/#website","url":"https:\/\/www.italiana.com.pl\/sklep\/","name":"ITALIANA wytw\u00f3rnia lod\u00f3w","description":"Kolejna witryna oparta na WordPressie","potentialAction":[{"@type":"SearchAction","target":{"@type":"EntryPoint","urlTemplate":"https:\/\/www.italiana.com.pl\/sklep\/?s={search_term_string}"},"query-input":{"@type":"PropertyValueSpecification","valueRequired":true,"valueName":"search_term_string"}}],"inLanguage":"pl-PL"}]}},"_links":{"self":[{"href":"https:\/\/www.italiana.com.pl\/sklep\/wp-json\/wp\/v2\/pages\/5","targetHints":{"allow":["GET"]}}],"collection":[{"href":"https:\/\/www.italiana.com.pl\/sklep\/wp-json\/wp\/v2\/pages"}],"about":[{"href":"https:\/\/www.italiana.com.pl\/sklep\/wp-json\/wp\/v2\/types\/page"}],"author":[{"embeddable":true,"href":"https:\/\/www.italiana.com.pl\/sklep\/wp-json\/wp\/v2\/users\/1"}],"replies":[{"embeddable":true,"href":"https:\/\/www.italiana.com.pl\/sklep\/wp-json\/wp\/v2\/comments?post=5"}],"version-history":[{"count":56,"href":"https:\/\/www.italiana.com.pl\/sklep\/wp-json\/wp\/v2\/pages\/5\/revisions"}],"predecessor-version":[{"id":243,"href":"https:\/\/www.italiana.com.pl\/sklep\/wp-json\/wp\/v2\/pages\/5\/revisions\/243"}],"wp:attachment":[{"href":"https:\/\/www.italiana.com.pl\/sklep\/wp-json\/wp\/v2\/media?parent=5"}],"curies":[{"name":"wp","href":"https:\/\/api.w.org\/{rel}","templated":true}]}}